{"id":4379,"date":"2023-03-14T18:42:43","date_gmt":"2023-03-14T15:42:43","guid":{"rendered":"https:\/\/persangroup.com.tr\/our-brands\/"},"modified":"2023-03-14T19:20:22","modified_gmt":"2023-03-14T16:20:22","slug":"our-brands","status":"publish","type":"page","link":"https:\/\/persangroup.com.tr\/en\/our-brands\/","title":{"rendered":"Our Brands"},"content":{"rendered":"\t\t<div data-elementor-type=\"wp-page\" data-elementor-id=\"4379\" class=\"elementor elementor-4379 elementor-4374\">\n\t\t\t\t\t\t<section class=\"elementor-section elementor-top-section elementor-element elementor-element-1ac9043 elementor-section-boxed elementor-section-height-default elementor-section-height-default\" data-id=\"1ac9043\" data-element_type=\"section\">\n\t\t\t\t\t\t<div class=\"elementor-container elementor-column-gap-default\">\n\t\t\t\t\t<div class=\"elementor-column elementor-col-33 elementor-top-column elementor-element elementor-element-7502df3\" data-id=\"7502df3\" data-element_type=\"column\">\n\t\t\t<div class=\"elementor-widget-wrap elementor-element-populated\">\n\t\t\t\t\t\t<div class=\"elementor-element elementor-element-1872f20 elementor-widget elementor-widget-image\" data-id=\"1872f20\" data-element_type=\"widget\" data-widget_type=\"image.default\">\n\t\t\t\t<div class=\"elementor-widget-container\">\n\t\t\t\t\t\t\t\t\t\t\t\t\t<img fetchpriority=\"high\" decoding=\"async\" width=\"540\" height=\"200\" src=\"https:\/\/persangroup.com.tr\/wp-content\/uploads\/2022\/11\/Persan-Group-Logo-1.png\" class=\"attachment-large size-large wp-image-3263\" alt=\"\" srcset=\"https:\/\/persangroup.com.tr\/wp-content\/uploads\/2022\/11\/Persan-Group-Logo-1.png 540w, https:\/\/persangroup.com.tr\/wp-content\/uploads\/2022\/11\/Persan-Group-Logo-1-300x111.png 300w, https:\/\/persangroup.com.tr\/wp-content\/uploads\/2022\/11\/Persan-Group-Logo-1-535x198.png 535w\" sizes=\"(max-width: 540px) 100vw, 540px\" \/>\t\t\t\t\t\t\t\t\t\t\t\t\t<\/div>\n\t\t\t\t<\/div>\n\t\t\t\t<div class=\"elementor-element elementor-element-eea8a38 elementor-widget elementor-widget-spacer\" data-id=\"eea8a38\" data-element_type=\"widget\" data-widget_type=\"spacer.default\">\n\t\t\t\t<div class=\"elementor-widget-container\">\n\t\t\t\t\t<div class=\"elementor-spacer\">\n\t\t\t<div class=\"elementor-spacer-inner\"><\/div>\n\t\t<\/div>\n\t\t\t\t<\/div>\n\t\t\t\t<\/div>\n\t\t\t\t<div class=\"elementor-element elementor-element-1ce003f elementor-widget elementor-widget-heading\" data-id=\"1ce003f\" data-element_type=\"widget\" data-widget_type=\"heading.default\">\n\t\t\t\t<div class=\"elementor-widget-container\">\n\t\t\t<h4 class=\"elementor-heading-title elementor-size-default\">Persan Group Tente Pergola San. ve Tic. Ltd. \u015eti.<\/h4>\t\t<\/div>\n\t\t\t\t<\/div>\n\t\t\t\t\t<\/div>\n\t\t<\/div>\n\t\t\t\t<div class=\"elementor-column elementor-col-33 elementor-top-column elementor-element elementor-element-46a44a7\" data-id=\"46a44a7\" data-element_type=\"column\">\n\t\t\t<div class=\"elementor-widget-wrap elementor-element-populated\">\n\t\t\t\t\t\t<div class=\"elementor-element elementor-element-e5be176 elementor-widget elementor-widget-image\" data-id=\"e5be176\" data-element_type=\"widget\" data-widget_type=\"image.default\">\n\t\t\t\t<div class=\"elementor-widget-container\">\n\t\t\t\t\t\t\t\t\t\t\t\t\t<img decoding=\"async\" width=\"540\" height=\"200\" src=\"https:\/\/persangroup.com.tr\/wp-content\/uploads\/2022\/11\/Oz-Branda-Logo.png\" class=\"attachment-large size-large wp-image-3262\" alt=\"\" srcset=\"https:\/\/persangroup.com.tr\/wp-content\/uploads\/2022\/11\/Oz-Branda-Logo.png 540w, https:\/\/persangroup.com.tr\/wp-content\/uploads\/2022\/11\/Oz-Branda-Logo-300x111.png 300w, https:\/\/persangroup.com.tr\/wp-content\/uploads\/2022\/11\/Oz-Branda-Logo-535x198.png 535w\" sizes=\"(max-width: 540px) 100vw, 540px\" \/>\t\t\t\t\t\t\t\t\t\t\t\t\t<\/div>\n\t\t\t\t<\/div>\n\t\t\t\t<div class=\"elementor-element elementor-element-174d5a0 elementor-widget elementor-widget-spacer\" data-id=\"174d5a0\" data-element_type=\"widget\" data-widget_type=\"spacer.default\">\n\t\t\t\t<div class=\"elementor-widget-container\">\n\t\t\t\t\t<div class=\"elementor-spacer\">\n\t\t\t<div class=\"elementor-spacer-inner\"><\/div>\n\t\t<\/div>\n\t\t\t\t<\/div>\n\t\t\t\t<\/div>\n\t\t\t\t<div class=\"elementor-element elementor-element-f9f176e elementor-widget elementor-widget-heading\" data-id=\"f9f176e\" data-element_type=\"widget\" data-widget_type=\"heading.default\">\n\t\t\t\t<div class=\"elementor-widget-container\">\n\t\t\t<h4 class=\"elementor-heading-title elementor-size-default\">\u00d6z \u00c7ad\u0131r Tente Branda Kuma\u015flar\u0131 Paz. San. ve Tic. Ltd. \u015eti.<\/h4>\t\t<\/div>\n\t\t\t\t<\/div>\n\t\t\t\t\t<\/div>\n\t\t<\/div>\n\t\t\t\t<div class=\"elementor-column elementor-col-33 elementor-top-column elementor-element elementor-element-fb089c3\" data-id=\"fb089c3\" data-element_type=\"column\">\n\t\t\t<div class=\"elementor-widget-wrap elementor-element-populated\">\n\t\t\t\t\t\t<div class=\"elementor-element elementor-element-4180882 elementor-widget elementor-widget-image\" data-id=\"4180882\" data-element_type=\"widget\" data-widget_type=\"image.default\">\n\t\t\t\t<div class=\"elementor-widget-container\">\n\t\t\t\t\t\t\t\t\t\t\t\t\t<img fetchpriority=\"high\" decoding=\"async\" width=\"540\" height=\"200\" src=\"https:\/\/persangroup.com.tr\/wp-content\/uploads\/2022\/11\/Persan-Group-Logo-1.png\" class=\"attachment-large size-large wp-image-3263\" alt=\"\" srcset=\"https:\/\/persangroup.com.tr\/wp-content\/uploads\/2022\/11\/Persan-Group-Logo-1.png 540w, https:\/\/persangroup.com.tr\/wp-content\/uploads\/2022\/11\/Persan-Group-Logo-1-300x111.png 300w, https:\/\/persangroup.com.tr\/wp-content\/uploads\/2022\/11\/Persan-Group-Logo-1-535x198.png 535w\" sizes=\"(max-width: 540px) 100vw, 540px\" \/>\t\t\t\t\t\t\t\t\t\t\t\t\t<\/div>\n\t\t\t\t<\/div>\n\t\t\t\t<div class=\"elementor-element elementor-element-4bb4268 elementor-widget elementor-widget-spacer\" data-id=\"4bb4268\" data-element_type=\"widget\" data-widget_type=\"spacer.default\">\n\t\t\t\t<div class=\"elementor-widget-container\">\n\t\t\t\t\t<div class=\"elementor-spacer\">\n\t\t\t<div class=\"elementor-spacer-inner\"><\/div>\n\t\t<\/div>\n\t\t\t\t<\/div>\n\t\t\t\t<\/div>\n\t\t\t\t<div class=\"elementor-element elementor-element-337d839 elementor-widget elementor-widget-heading\" data-id=\"337d839\" data-element_type=\"widget\" data-widget_type=\"heading.default\">\n\t\t\t\t<div class=\"elementor-widget-container\">\n\t\t\t<h4 class=\"elementor-heading-title elementor-size-default\">Giosan Cam Sistemleri San. ve Tic. Ltd. \u015eti. <\/h4>\t\t<\/div>\n\t\t\t\t<\/div>\n\t\t\t\t\t<\/div>\n\t\t<\/div>\n\t\t\t\t\t<\/div>\n\t\t<\/section>\n\t\t\t\t<\/div>\n\t\t","protected":false},"excerpt":{"rendered":"<p>Persan Group Tente Pergola San. ve Tic. Ltd. \u015eti. \u00d6z \u00c7ad\u0131r Tente Branda Kuma\u015flar\u0131 Paz. San. ve Tic. Ltd. \u015eti. Giosan Cam Sistemleri San. ve Tic. Ltd. \u015eti.<\/p>\n","protected":false},"author":1,"featured_media":0,"parent":0,"menu_order":0,"comment_status":"closed","ping_status":"closed","template":"","meta":{"_themeisle_gutenberg_block_has_review":false,"footnotes":""},"class_list":["post-4379","page","type-page","status-publish","hentry"],"aioseo_notices":[],"_links":{"self":[{"href":"https:\/\/persangroup.com.tr\/en\/wp-json\/wp\/v2\/pages\/4379","targetHints":{"allow":["GET"]}}],"collection":[{"href":"https:\/\/persangroup.com.tr\/en\/wp-json\/wp\/v2\/pages"}],"about":[{"href":"https:\/\/persangroup.com.tr\/en\/wp-json\/wp\/v2\/types\/page"}],"author":[{"embeddable":true,"href":"https:\/\/persangroup.com.tr\/en\/wp-json\/wp\/v2\/users\/1"}],"replies":[{"embeddable":true,"href":"https:\/\/persangroup.com.tr\/en\/wp-json\/wp\/v2\/comments?post=4379"}],"version-history":[{"count":4,"href":"https:\/\/persangroup.com.tr\/en\/wp-json\/wp\/v2\/pages\/4379\/revisions"}],"predecessor-version":[{"id":4400,"href":"https:\/\/persangroup.com.tr\/en\/wp-json\/wp\/v2\/pages\/4379\/revisions\/4400"}],"wp:attachment":[{"href":"https:\/\/persangroup.com.tr\/en\/wp-json\/wp\/v2\/media?parent=4379"}],"curies":[{"name":"wp","href":"https:\/\/api.w.org\/{rel}","templated":true}]}}