{"id":4231,"date":"2022-11-14T01:09:40","date_gmt":"2022-11-13T22:09:40","guid":{"rendered":"https:\/\/persangroup.com.tr\/mobile-application\/"},"modified":"2023-02-03T01:25:41","modified_gmt":"2023-02-02T22:25:41","slug":"mobile-application","status":"publish","type":"page","link":"https:\/\/persangroup.com.tr\/en\/mobile-application\/","title":{"rendered":"Mobile Application"},"content":{"rendered":"\t\t<div data-elementor-type=\"wp-page\" data-elementor-id=\"4231\" class=\"elementor elementor-4231 elementor-2497\">\n\t\t\t\t\t\t<section class=\"elementor-section elementor-top-section elementor-element elementor-element-0958526 elementor-section-boxed elementor-section-height-default elementor-section-height-default\" data-id=\"0958526\" data-element_type=\"section\">\n\t\t\t\t\t\t<div class=\"elementor-container elementor-column-gap-default\">\n\t\t\t\t\t<div class=\"elementor-column elementor-col-50 elementor-top-column elementor-element elementor-element-efa51c5\" data-id=\"efa51c5\" data-element_type=\"column\">\n\t\t\t<div class=\"elementor-widget-wrap elementor-element-populated\">\n\t\t\t\t\t\t<div class=\"elementor-element elementor-element-0fb47ac align-left elementor-widget elementor-widget-mae-headings\" data-id=\"0fb47ac\" data-element_type=\"widget\" data-widget_type=\"mae-headings.default\">\n\t\t\t\t<div class=\"elementor-widget-container\">\n\t\t\t\t\t<div class=\"master-heading\">\n\t        \t            <div class=\"pre-heading\">PERSAN MOB\u0130L - F\u0130YAT ALMANIN EN KOLAY YOLU<\/div>\n\t        \n\t        \t        <h2 class=\"main-heading\">Siz sadece \u00f6l\u00e7\u00fclerinizi girin,\ngeri kalan\u0131n\u0131 Persan Group hesaplas\u0131n!<\/h2>\n\t        \n\t        \t        <div class=\"divider\"><\/div>\n\t        \n\t        \t            <div class=\"sub-heading\">\u0130htiyac\u0131n olan fiyatland\u0131rma \u201cAn\u0131nda\u201d Persan Group mobil uygulamas\u0131nda!<\/div>\n\t        \t    <\/div>\n\t    \t\t<\/div>\n\t\t\t\t<\/div>\n\t\t\t\t<div class=\"elementor-element elementor-element-ccab25b elementor-widget elementor-widget-text-editor\" data-id=\"ccab25b\" data-element_type=\"widget\" data-widget_type=\"text-editor.default\">\n\t\t\t\t<div class=\"elementor-widget-container\">\n\t\t\t\t\t\t\t<p>With more than 25 years of commercial and 10 years of corporate experience, our company, which directs the aluminum, awning canvas and pergola sector, has realized a first in its field and has enabled its customers to get instant prices for their projects in different sizes by carrying current price and product information to the mobile environment.<\/p>\n\t\t\t\t\t\t<\/div>\n\t\t\t\t<\/div>\n\t\t\t\t\t<\/div>\n\t\t<\/div>\n\t\t\t\t<div class=\"elementor-column elementor-col-50 elementor-top-column elementor-element elementor-element-9e0b33a\" data-id=\"9e0b33a\" data-element_type=\"column\">\n\t\t\t<div class=\"elementor-widget-wrap elementor-element-populated\">\n\t\t\t\t\t\t<div class=\"elementor-element elementor-element-fa380bb elementor-widget elementor-widget-mae-fancy-image\" data-id=\"fa380bb\" data-element_type=\"widget\" data-widget_type=\"mae-fancy-image.default\">\n\t\t\t\t<div class=\"elementor-widget-container\">\n\t\t\t\n\t\t\t<div class=\"master-fancy-image reveal lr\" data-in-viewport=\"true\">\n\t\t\t\t<figure>\n\t\t\t\t\t<img fetchpriority=\"high\" decoding=\"async\" width=\"932\" height=\"720\" src=\"https:\/\/persangroup.com.tr\/wp-content\/uploads\/2022\/11\/Persan-Mobil-Uygulama.png\" class=\"attachment-full size-full wp-image-2503\" alt=\"\" srcset=\"https:\/\/persangroup.com.tr\/wp-content\/uploads\/2022\/11\/Persan-Mobil-Uygulama.png 932w, https:\/\/persangroup.com.tr\/wp-content\/uploads\/2022\/11\/Persan-Mobil-Uygulama-300x232.png 300w, https:\/\/persangroup.com.tr\/wp-content\/uploads\/2022\/11\/Persan-Mobil-Uygulama-768x593.png 768w, https:\/\/persangroup.com.tr\/wp-content\/uploads\/2022\/11\/Persan-Mobil-Uygulama-535x413.png 535w\" sizes=\"(max-width: 932px) 100vw, 932px\" \/>\t\t\t\t<\/figure>\n\n\t\t        \t\t\t<\/div>\n\n\t\t\t\t<\/div>\n\t\t\t\t<\/div>\n\t\t\t\t\t<\/div>\n\t\t<\/div>\n\t\t\t\t\t<\/div>\n\t\t<\/section>\n\t\t\t\t<section class=\"elementor-section elementor-top-section elementor-element elementor-element-9cc41d5 elementor-section-boxed elementor-section-height-default elementor-section-height-default\" data-id=\"9cc41d5\" data-element_type=\"section\">\n\t\t\t\t\t\t<div class=\"elementor-container elementor-column-gap-default\">\n\t\t\t\t\t<div class=\"elementor-column elementor-col-100 elementor-top-column elementor-element elementor-element-d9c59a4\" data-id=\"d9c59a4\" data-element_type=\"column\">\n\t\t\t<div class=\"elementor-widget-wrap elementor-element-populated\">\n\t\t\t\t\t\t<div class=\"elementor-element elementor-element-9ad0442 elementor-widget elementor-widget-spacer\" data-id=\"9ad0442\" data-element_type=\"widget\" data-widget_type=\"spacer.default\">\n\t\t\t\t<div class=\"elementor-widget-container\">\n\t\t\t\t\t<div class=\"elementor-spacer\">\n\t\t\t<div class=\"elementor-spacer-inner\"><\/div>\n\t\t<\/div>\n\t\t\t\t<\/div>\n\t\t\t\t<\/div>\n\t\t\t\t\t<\/div>\n\t\t<\/div>\n\t\t\t\t\t<\/div>\n\t\t<\/section>\n\t\t\t\t<section class=\"elementor-section elementor-top-section elementor-element elementor-element-7f64e6e elementor-section-boxed elementor-section-height-default elementor-section-height-default\" data-id=\"7f64e6e\" data-element_type=\"section\">\n\t\t\t\t\t\t<div class=\"elementor-container elementor-column-gap-default\">\n\t\t\t\t\t<div class=\"elementor-column elementor-col-50 elementor-top-column elementor-element elementor-element-6e2621f\" data-id=\"6e2621f\" data-element_type=\"column\">\n\t\t\t<div class=\"elementor-widget-wrap elementor-element-populated\">\n\t\t\t\t\t\t<div class=\"elementor-element elementor-element-219bcf5 elementor-widget elementor-widget-image\" data-id=\"219bcf5\" data-element_type=\"widget\" data-widget_type=\"image.default\">\n\t\t\t\t<div class=\"elementor-widget-container\">\n\t\t\t\t\t\t\t\t\t\t\t\t\t<img decoding=\"async\" width=\"1024\" height=\"741\" src=\"https:\/\/persangroup.com.tr\/wp-content\/uploads\/2022\/11\/Persan-mobil-uygulama-2-1024x741.png\" class=\"attachment-large size-large wp-image-3252\" alt=\"\" srcset=\"https:\/\/persangroup.com.tr\/wp-content\/uploads\/2022\/11\/Persan-mobil-uygulama-2-1024x741.png 1024w, https:\/\/persangroup.com.tr\/wp-content\/uploads\/2022\/11\/Persan-mobil-uygulama-2-300x217.png 300w, https:\/\/persangroup.com.tr\/wp-content\/uploads\/2022\/11\/Persan-mobil-uygulama-2-768x556.png 768w, https:\/\/persangroup.com.tr\/wp-content\/uploads\/2022\/11\/Persan-mobil-uygulama-2-535x387.png 535w, https:\/\/persangroup.com.tr\/wp-content\/uploads\/2022\/11\/Persan-mobil-uygulama-2.png 1155w\" sizes=\"(max-width: 1024px) 100vw, 1024px\" \/>\t\t\t\t\t\t\t\t\t\t\t\t\t<\/div>\n\t\t\t\t<\/div>\n\t\t\t\t\t<\/div>\n\t\t<\/div>\n\t\t\t\t<div class=\"elementor-column elementor-col-50 elementor-top-column elementor-element elementor-element-ed76915\" data-id=\"ed76915\" data-element_type=\"column\">\n\t\t\t<div class=\"elementor-widget-wrap elementor-element-populated\">\n\t\t\t\t\t\t<div class=\"elementor-element elementor-element-f848398 elementor-widget elementor-widget-heading\" data-id=\"f848398\" data-element_type=\"widget\" data-widget_type=\"heading.default\">\n\t\t\t\t<div class=\"elementor-widget-container\">\n\t\t\t<h2 class=\"elementor-heading-title elementor-size-default\">Mobile Application Usage<\/h2>\t\t<\/div>\n\t\t\t\t<\/div>\n\t\t\t\t<div class=\"elementor-element elementor-element-fd2e746 elementor-widget elementor-widget-spacer\" data-id=\"fd2e746\" data-element_type=\"widget\" data-widget_type=\"spacer.default\">\n\t\t\t\t<div class=\"elementor-widget-container\">\n\t\t\t\t\t<div class=\"elementor-spacer\">\n\t\t\t<div class=\"elementor-spacer-inner\"><\/div>\n\t\t<\/div>\n\t\t\t\t<\/div>\n\t\t\t\t<\/div>\n\t\t\t\t<div class=\"elementor-element elementor-element-de2ee72 elementor-widget elementor-widget-mae-list\" data-id=\"de2ee72\" data-element_type=\"widget\" data-widget_type=\"mae-list.default\">\n\t\t\t\t<div class=\"elementor-widget-container\">\n\t\t\t\n\t\t<div class=\"master-list align-left\">\n\t\t\t<div class=\"inner\">\n\t\t        <div class=\"icon-wrap\">\n\t\t\t        \t\t\t        \t<i class=\"fas fa-check-circle\"><\/i>\n\t\t\t        \t\t\t\t    \t\t        <\/div> \n\n\t\t        <div class=\"content-wrap\">\n\t\t            Mobil uygulamaya giri\u015f yap\u0131n.\t\t        <\/div>\n\t\t    <\/div>\n\t    <\/div>\n\n\t    \t\t<\/div>\n\t\t\t\t<\/div>\n\t\t\t\t<div class=\"elementor-element elementor-element-e176dee elementor-widget elementor-widget-mae-list\" data-id=\"e176dee\" data-element_type=\"widget\" data-widget_type=\"mae-list.default\">\n\t\t\t\t<div class=\"elementor-widget-container\">\n\t\t\t\n\t\t<div class=\"master-list align-left\">\n\t\t\t<div class=\"inner\">\n\t\t        <div class=\"icon-wrap\">\n\t\t\t        \t\t\t        \t<i class=\"fas fa-check-circle\"><\/i>\n\t\t\t        \t\t\t\t    \t\t        <\/div> \n\n\t\t        <div class=\"content-wrap\">\n\t\t            Gerekli bilgileri girip onaylay\u0131n.\t\t        <\/div>\n\t\t    <\/div>\n\t    <\/div>\n\n\t    \t\t<\/div>\n\t\t\t\t<\/div>\n\t\t\t\t<div class=\"elementor-element elementor-element-da724a3 elementor-widget elementor-widget-mae-list\" data-id=\"da724a3\" data-element_type=\"widget\" data-widget_type=\"mae-list.default\">\n\t\t\t\t<div class=\"elementor-widget-container\">\n\t\t\t\n\t\t<div class=\"master-list align-left\">\n\t\t\t<div class=\"inner\">\n\t\t        <div class=\"icon-wrap\">\n\t\t\t        \t\t\t        \t<i class=\"fas fa-check-circle\"><\/i>\n\t\t\t        \t\t\t\t    \t\t        <\/div> \n\n\t\t        <div class=\"content-wrap\">\n\t\t            G\u00fcncel fiyatlara an\u0131nda ula\u015f\u0131n.\t\t        <\/div>\n\t\t    <\/div>\n\t    <\/div>\n\n\t    \t\t<\/div>\n\t\t\t\t<\/div>\n\t\t\t\t<div class=\"elementor-element elementor-element-5c23649 elementor-widget elementor-widget-text-editor\" data-id=\"5c23649\" data-element_type=\"widget\" data-widget_type=\"text-editor.default\">\n\t\t\t\t<div class=\"elementor-widget-container\">\n\t\t\t\t\t\t\t<p>To follow exchange rates and price fluctuations in commodity exchanges with the most up-to-date data and to be aware of changing market conditions;<\/p>\n<blockquote>\n<p><b><span style=\"font-size: 16px; color: var( --e-global-color-text );\">DOWNLOAD OUR APP, <\/span><span style=\"font-size: 16px; color: var( --e-global-color-text );\">STAY UPDATED!<\/span><\/b><\/p>\n<\/blockquote>\t\t\t\t\t\t<\/div>\n\t\t\t\t<\/div>\n\t\t\t\t\t<\/div>\n\t\t<\/div>\n\t\t\t\t\t<\/div>\n\t\t<\/section>\n\t\t\t\t<section class=\"elementor-section elementor-top-section elementor-element elementor-element-58cafde elementor-section-boxed elementor-section-height-default elementor-section-height-default\" data-id=\"58cafde\" data-element_type=\"section\">\n\t\t\t\t\t\t<div class=\"elementor-container elementor-column-gap-default\">\n\t\t\t\t\t<div class=\"elementor-column elementor-col-100 elementor-top-column elementor-element elementor-element-203dcbc\" data-id=\"203dcbc\" data-element_type=\"column\">\n\t\t\t<div class=\"elementor-widget-wrap elementor-element-populated\">\n\t\t\t\t\t\t<div class=\"elementor-element elementor-element-0a16ff6 elementor-widget elementor-widget-spacer\" data-id=\"0a16ff6\" data-element_type=\"widget\" data-widget_type=\"spacer.default\">\n\t\t\t\t<div class=\"elementor-widget-container\">\n\t\t\t\t\t<div class=\"elementor-spacer\">\n\t\t\t<div class=\"elementor-spacer-inner\"><\/div>\n\t\t<\/div>\n\t\t\t\t<\/div>\n\t\t\t\t<\/div>\n\t\t\t\t<div class=\"elementor-element elementor-element-bf7e019 elementor-widget elementor-widget-heading\" data-id=\"bf7e019\" data-element_type=\"widget\" data-widget_type=\"heading.default\">\n\t\t\t\t<div class=\"elementor-widget-container\">\n\t\t\t<h3 class=\"elementor-heading-title elementor-size-default\">The pricing you need is \"Instantly\" at Persan Mobil!<\/h3>\t\t<\/div>\n\t\t\t\t<\/div>\n\t\t\t\t<div class=\"elementor-element elementor-element-2f21abb elementor-widget elementor-widget-spacer\" data-id=\"2f21abb\" data-element_type=\"widget\" data-widget_type=\"spacer.default\">\n\t\t\t\t<div class=\"elementor-widget-container\">\n\t\t\t\t\t<div class=\"elementor-spacer\">\n\t\t\t<div class=\"elementor-spacer-inner\"><\/div>\n\t\t<\/div>\n\t\t\t\t<\/div>\n\t\t\t\t<\/div>\n\t\t\t\t<section class=\"elementor-section elementor-inner-section elementor-element elementor-element-14e5661 elementor-section-boxed elementor-section-height-default elementor-section-height-default\" data-id=\"14e5661\" data-element_type=\"section\">\n\t\t\t\t\t\t<div class=\"elementor-container elementor-column-gap-wider\">\n\t\t\t\t\t<div class=\"elementor-column elementor-col-50 elementor-inner-column elementor-element elementor-element-6897929\" data-id=\"6897929\" data-element_type=\"column\">\n\t\t\t<div class=\"elementor-widget-wrap elementor-element-populated\">\n\t\t\t\t\t\t<div class=\"elementor-element elementor-element-fb74b4c elementor-widget elementor-widget-image\" data-id=\"fb74b4c\" data-element_type=\"widget\" data-widget_type=\"image.default\">\n\t\t\t\t<div class=\"elementor-widget-container\">\n\t\t\t\t\t\t\t\t\t\t\t\t\t\t<a href=\"https:\/\/apps.apple.com\/app\/persan-group\/id1553475916\" target=\"_blank\" rel=\"nofollow\">\n\t\t\t\t\t\t\t<img decoding=\"async\" width=\"300\" height=\"88\" src=\"https:\/\/persangroup.com.tr\/wp-content\/uploads\/2022\/11\/apple-store-icon-300x88.jpg\" class=\"attachment-medium size-medium wp-image-3253\" alt=\"\" srcset=\"https:\/\/persangroup.com.tr\/wp-content\/uploads\/2022\/11\/apple-store-icon-300x88.jpg 300w, https:\/\/persangroup.com.tr\/wp-content\/uploads\/2022\/11\/apple-store-icon-768x226.jpg 768w, https:\/\/persangroup.com.tr\/wp-content\/uploads\/2022\/11\/apple-store-icon-535x157.jpg 535w, https:\/\/persangroup.com.tr\/wp-content\/uploads\/2022\/11\/apple-store-icon.jpg 1000w\" sizes=\"(max-width: 300px) 100vw, 300px\" \/>\t\t\t\t\t\t\t\t<\/a>\n\t\t\t\t\t\t\t\t\t\t\t\t\t<\/div>\n\t\t\t\t<\/div>\n\t\t\t\t<div class=\"elementor-element elementor-element-7e48be6 elementor-widget elementor-widget-spacer\" data-id=\"7e48be6\" data-element_type=\"widget\" data-widget_type=\"spacer.default\">\n\t\t\t\t<div class=\"elementor-widget-container\">\n\t\t\t\t\t<div class=\"elementor-spacer\">\n\t\t\t<div class=\"elementor-spacer-inner\"><\/div>\n\t\t<\/div>\n\t\t\t\t<\/div>\n\t\t\t\t<\/div>\n\t\t\t\t<div class=\"elementor-element elementor-element-deebde3 elementor-widget elementor-widget-image\" data-id=\"deebde3\" data-element_type=\"widget\" data-widget_type=\"image.default\">\n\t\t\t\t<div class=\"elementor-widget-container\">\n\t\t\t\t\t\t\t\t\t\t\t\t\t\t<a href=\"https:\/\/apps.apple.com\/app\/persan-group\/id1553475916\" target=\"_blank\" rel=\"nofollow\">\n\t\t\t\t\t\t\t<img loading=\"lazy\" decoding=\"async\" width=\"300\" height=\"300\" src=\"https:\/\/persangroup.com.tr\/wp-content\/uploads\/2022\/11\/Persan-Mobil-Appstore-300x300.jpg\" class=\"attachment-medium size-medium wp-image-3255\" alt=\"\" srcset=\"https:\/\/persangroup.com.tr\/wp-content\/uploads\/2022\/11\/Persan-Mobil-Appstore-300x300.jpg 300w, https:\/\/persangroup.com.tr\/wp-content\/uploads\/2022\/11\/Persan-Mobil-Appstore-150x150.jpg 150w, https:\/\/persangroup.com.tr\/wp-content\/uploads\/2022\/11\/Persan-Mobil-Appstore-140x140.jpg 140w, https:\/\/persangroup.com.tr\/wp-content\/uploads\/2022\/11\/Persan-Mobil-Appstore-100x100.jpg 100w, https:\/\/persangroup.com.tr\/wp-content\/uploads\/2022\/11\/Persan-Mobil-Appstore.jpg 508w\" sizes=\"(max-width: 300px) 100vw, 300px\" \/>\t\t\t\t\t\t\t\t<\/a>\n\t\t\t\t\t\t\t\t\t\t\t\t\t<\/div>\n\t\t\t\t<\/div>\n\t\t\t\t<div class=\"elementor-element elementor-element-4cf4301 elementor-widget elementor-widget-spacer\" data-id=\"4cf4301\" data-element_type=\"widget\" data-widget_type=\"spacer.default\">\n\t\t\t\t<div class=\"elementor-widget-container\">\n\t\t\t\t\t<div class=\"elementor-spacer\">\n\t\t\t<div class=\"elementor-spacer-inner\"><\/div>\n\t\t<\/div>\n\t\t\t\t<\/div>\n\t\t\t\t<\/div>\n\t\t\t\t<div class=\"elementor-element elementor-element-9125e94 elementor-widget elementor-widget-text-editor\" data-id=\"9125e94\" data-element_type=\"widget\" data-widget_type=\"text-editor.default\">\n\t\t\t\t<div class=\"elementor-widget-container\">\n\t\t\t\t\t\t\t<p style=\"text-align: center;\">Scan the QR code or click on the image to download our Persan Mobile Application from the App Store.<\/p>\n\t\t\t\t\t\t<\/div>\n\t\t\t\t<\/div>\n\t\t\t\t\t<\/div>\n\t\t<\/div>\n\t\t\t\t<div class=\"elementor-column elementor-col-50 elementor-inner-column elementor-element elementor-element-6f3ddbc\" data-id=\"6f3ddbc\" data-element_type=\"column\">\n\t\t\t<div class=\"elementor-widget-wrap elementor-element-populated\">\n\t\t\t\t\t\t<div class=\"elementor-element elementor-element-f2d93b1 elementor-widget elementor-widget-image\" data-id=\"f2d93b1\" data-element_type=\"widget\" data-widget_type=\"image.default\">\n\t\t\t\t<div class=\"elementor-widget-container\">\n\t\t\t\t\t\t\t\t\t\t\t\t\t\t<a href=\"https:\/\/play.google.com\/store\/apps\/details?id=com.doorapp\" target=\"_blank\" rel=\"nofollow\">\n\t\t\t\t\t\t\t<img loading=\"lazy\" decoding=\"async\" width=\"300\" height=\"89\" src=\"https:\/\/persangroup.com.tr\/wp-content\/uploads\/2022\/11\/google-play-icon-300x89.jpg\" class=\"attachment-medium size-medium wp-image-3254\" alt=\"\" srcset=\"https:\/\/persangroup.com.tr\/wp-content\/uploads\/2022\/11\/google-play-icon-300x89.jpg 300w, https:\/\/persangroup.com.tr\/wp-content\/uploads\/2022\/11\/google-play-icon-768x227.jpg 768w, https:\/\/persangroup.com.tr\/wp-content\/uploads\/2022\/11\/google-play-icon-535x158.jpg 535w, https:\/\/persangroup.com.tr\/wp-content\/uploads\/2022\/11\/google-play-icon.jpg 1000w\" sizes=\"(max-width: 300px) 100vw, 300px\" \/>\t\t\t\t\t\t\t\t<\/a>\n\t\t\t\t\t\t\t\t\t\t\t\t\t<\/div>\n\t\t\t\t<\/div>\n\t\t\t\t<div class=\"elementor-element elementor-element-696aebb elementor-widget elementor-widget-spacer\" data-id=\"696aebb\" data-element_type=\"widget\" data-widget_type=\"spacer.default\">\n\t\t\t\t<div class=\"elementor-widget-container\">\n\t\t\t\t\t<div class=\"elementor-spacer\">\n\t\t\t<div class=\"elementor-spacer-inner\"><\/div>\n\t\t<\/div>\n\t\t\t\t<\/div>\n\t\t\t\t<\/div>\n\t\t\t\t<div class=\"elementor-element elementor-element-726e260 elementor-widget elementor-widget-image\" data-id=\"726e260\" data-element_type=\"widget\" data-widget_type=\"image.default\">\n\t\t\t\t<div class=\"elementor-widget-container\">\n\t\t\t\t\t\t\t\t\t\t\t\t\t\t<a href=\"https:\/\/play.google.com\/store\/apps\/details?id=com.doorapp\" target=\"_blank\" rel=\"nofollow\">\n\t\t\t\t\t\t\t<img loading=\"lazy\" decoding=\"async\" width=\"300\" height=\"300\" src=\"https:\/\/persangroup.com.tr\/wp-content\/uploads\/2022\/11\/Persan-Mobil-Playstore-300x300.jpg\" class=\"attachment-medium size-medium wp-image-3256\" alt=\"\" srcset=\"https:\/\/persangroup.com.tr\/wp-content\/uploads\/2022\/11\/Persan-Mobil-Playstore-300x300.jpg 300w, https:\/\/persangroup.com.tr\/wp-content\/uploads\/2022\/11\/Persan-Mobil-Playstore-150x150.jpg 150w, https:\/\/persangroup.com.tr\/wp-content\/uploads\/2022\/11\/Persan-Mobil-Playstore-140x140.jpg 140w, https:\/\/persangroup.com.tr\/wp-content\/uploads\/2022\/11\/Persan-Mobil-Playstore-100x100.jpg 100w, https:\/\/persangroup.com.tr\/wp-content\/uploads\/2022\/11\/Persan-Mobil-Playstore.jpg 508w\" sizes=\"(max-width: 300px) 100vw, 300px\" \/>\t\t\t\t\t\t\t\t<\/a>\n\t\t\t\t\t\t\t\t\t\t\t\t\t<\/div>\n\t\t\t\t<\/div>\n\t\t\t\t<div class=\"elementor-element elementor-element-08ad622 elementor-widget elementor-widget-spacer\" data-id=\"08ad622\" data-element_type=\"widget\" data-widget_type=\"spacer.default\">\n\t\t\t\t<div class=\"elementor-widget-container\">\n\t\t\t\t\t<div class=\"elementor-spacer\">\n\t\t\t<div class=\"elementor-spacer-inner\"><\/div>\n\t\t<\/div>\n\t\t\t\t<\/div>\n\t\t\t\t<\/div>\n\t\t\t\t<div class=\"elementor-element elementor-element-75c17e6 elementor-widget elementor-widget-text-editor\" data-id=\"75c17e6\" data-element_type=\"widget\" data-widget_type=\"text-editor.default\">\n\t\t\t\t<div class=\"elementor-widget-container\">\n\t\t\t\t\t\t\t<p style=\"text-align: center;\">Scan the QR code or click on the image to download our Persan Mobile Application from Google Play.<\/p>\n\t\t\t\t\t\t<\/div>\n\t\t\t\t<\/div>\n\t\t\t\t\t<\/div>\n\t\t<\/div>\n\t\t\t\t\t<\/div>\n\t\t<\/section>\n\t\t\t\t\t<\/div>\n\t\t<\/div>\n\t\t\t\t\t<\/div>\n\t\t<\/section>\n\t\t\t\t<\/div>\n\t\t","protected":false},"excerpt":{"rendered":"<p>PERSAN MOB\u0130L &#8211; F\u0130YAT ALMANIN EN KOLAY YOLU Siz sadece \u00f6l\u00e7\u00fclerinizi girin, geri kalan\u0131n\u0131 Persan Group hesaplas\u0131n! \u0130htiyac\u0131n olan fiyatland\u0131rma \u201cAn\u0131nda\u201d Persan Group mobil uygulamas\u0131nda! With more than 25 years of commercial and 10 years of corporate experience, our company, which directs the aluminum, awning canvas and<\/p>\n","protected":false},"author":1,"featured_media":0,"parent":0,"menu_order":0,"comment_status":"closed","ping_status":"closed","template":"","meta":{"_themeisle_gutenberg_block_has_review":false,"footnotes":""},"class_list":["post-4231","page","type-page","status-publish","hentry"],"aioseo_notices":[],"_links":{"self":[{"href":"https:\/\/persangroup.com.tr\/en\/wp-json\/wp\/v2\/pages\/4231","targetHints":{"allow":["GET"]}}],"collection":[{"href":"https:\/\/persangroup.com.tr\/en\/wp-json\/wp\/v2\/pages"}],"about":[{"href":"https:\/\/persangroup.com.tr\/en\/wp-json\/wp\/v2\/types\/page"}],"author":[{"embeddable":true,"href":"https:\/\/persangroup.com.tr\/en\/wp-json\/wp\/v2\/users\/1"}],"replies":[{"embeddable":true,"href":"https:\/\/persangroup.com.tr\/en\/wp-json\/wp\/v2\/comments?post=4231"}],"version-history":[{"count":10,"href":"https:\/\/persangroup.com.tr\/en\/wp-json\/wp\/v2\/pages\/4231\/revisions"}],"predecessor-version":[{"id":4372,"href":"https:\/\/persangroup.com.tr\/en\/wp-json\/wp\/v2\/pages\/4231\/revisions\/4372"}],"wp:attachment":[{"href":"https:\/\/persangroup.com.tr\/en\/wp-json\/wp\/v2\/media?parent=4231"}],"curies":[{"name":"wp","href":"https:\/\/api.w.org\/{rel}","templated":true}]}}