{"id":4223,"date":"2022-11-13T16:17:22","date_gmt":"2022-11-13T13:17:22","guid":{"rendered":"https:\/\/persangroup.com.tr\/about-us\/"},"modified":"2023-01-20T18:35:46","modified_gmt":"2023-01-20T15:35:46","slug":"about-us","status":"publish","type":"page","link":"https:\/\/persangroup.com.tr\/en\/about-us\/","title":{"rendered":"About Us"},"content":{"rendered":"\t\t<div data-elementor-type=\"wp-page\" data-elementor-id=\"4223\" class=\"elementor elementor-4223 elementor-2395\">\n\t\t\t\t\t\t<section class=\"elementor-section elementor-top-section elementor-element elementor-element-0ede859 elementor-section-boxed elementor-section-height-default elementor-section-height-default\" data-id=\"0ede859\" data-element_type=\"section\">\n\t\t\t\t\t\t<div class=\"elementor-container elementor-column-gap-default\">\n\t\t\t\t\t<div class=\"elementor-column elementor-col-100 elementor-top-column elementor-element elementor-element-d073741\" data-id=\"d073741\" data-element_type=\"column\">\n\t\t\t<div class=\"elementor-widget-wrap elementor-element-populated\">\n\t\t\t\t\t\t<div class=\"elementor-element elementor-element-e97a2e3 elementor-widget elementor-widget-heading\" data-id=\"e97a2e3\" data-element_type=\"widget\" data-widget_type=\"heading.default\">\n\t\t\t\t<div class=\"elementor-widget-container\">\n\t\t\t<h2 class=\"elementor-heading-title elementor-size-default\">Our Mission<\/h2>\t\t<\/div>\n\t\t\t\t<\/div>\n\t\t\t\t<div class=\"elementor-element elementor-element-40fae70 elementor-widget elementor-widget-spacer\" data-id=\"40fae70\" data-element_type=\"widget\" data-widget_type=\"spacer.default\">\n\t\t\t\t<div class=\"elementor-widget-container\">\n\t\t\t\t\t<div class=\"elementor-spacer\">\n\t\t\t<div class=\"elementor-spacer-inner\"><\/div>\n\t\t<\/div>\n\t\t\t\t<\/div>\n\t\t\t\t<\/div>\n\t\t\t\t<div class=\"elementor-element elementor-element-35dd90e elementor-widget elementor-widget-text-editor\" data-id=\"35dd90e\" data-element_type=\"widget\" data-widget_type=\"text-editor.default\">\n\t\t\t\t<div class=\"elementor-widget-container\">\n\t\t\t\t\t\t\t<p style=\"text-align: center;\">To offer quality, comfort and aesthetics together with our indoor and outdoor shading systems. <span style=\"font-size: 16px; color: var( --e-global-color-text );\">Making your living spaces more enjoyable thanks to its high durability and long service life.<\/span><\/p>\n\t\t\t\t\t\t<\/div>\n\t\t\t\t<\/div>\n\t\t\t\t<div class=\"elementor-element elementor-element-a492eb3 elementor-widget elementor-widget-spacer\" data-id=\"a492eb3\" data-element_type=\"widget\" data-widget_type=\"spacer.default\">\n\t\t\t\t<div class=\"elementor-widget-container\">\n\t\t\t\t\t<div class=\"elementor-spacer\">\n\t\t\t<div class=\"elementor-spacer-inner\"><\/div>\n\t\t<\/div>\n\t\t\t\t<\/div>\n\t\t\t\t<\/div>\n\t\t\t\t<div class=\"elementor-element elementor-element-af68418 elementor-widget elementor-widget-heading\" data-id=\"af68418\" data-element_type=\"widget\" data-widget_type=\"heading.default\">\n\t\t\t\t<div class=\"elementor-widget-container\">\n\t\t\t<h2 class=\"elementor-heading-title elementor-size-default\">Our Vision<\/h2>\t\t<\/div>\n\t\t\t\t<\/div>\n\t\t\t\t<div class=\"elementor-element elementor-element-18827bf elementor-widget elementor-widget-spacer\" data-id=\"18827bf\" data-element_type=\"widget\" data-widget_type=\"spacer.default\">\n\t\t\t\t<div class=\"elementor-widget-container\">\n\t\t\t\t\t<div class=\"elementor-spacer\">\n\t\t\t<div class=\"elementor-spacer-inner\"><\/div>\n\t\t<\/div>\n\t\t\t\t<\/div>\n\t\t\t\t<\/div>\n\t\t\t\t<div class=\"elementor-element elementor-element-df50bf6 elementor-widget elementor-widget-text-editor\" data-id=\"df50bf6\" data-element_type=\"widget\" data-widget_type=\"text-editor.default\">\n\t\t\t\t<div class=\"elementor-widget-container\">\n\t\t\t\t\t\t\t<p style=\"text-align: center;\">To shape the industry standards thanks to our production power, innovative products and global dealer network. <span style=\"font-size: 16px; color: var( --e-global-color-text );\">To be a pioneering company that contributes to the brand value of our country while supporting the strengthening of our national economy with the employment and high added value we produce.<\/span><\/p>\n\t\t\t\t\t\t<\/div>\n\t\t\t\t<\/div>\n\t\t\t\t<div class=\"elementor-element elementor-element-71d257d elementor-widget elementor-widget-spacer\" data-id=\"71d257d\" data-element_type=\"widget\" data-widget_type=\"spacer.default\">\n\t\t\t\t<div class=\"elementor-widget-container\">\n\t\t\t\t\t<div class=\"elementor-spacer\">\n\t\t\t<div class=\"elementor-spacer-inner\"><\/div>\n\t\t<\/div>\n\t\t\t\t<\/div>\n\t\t\t\t<\/div>\n\t\t\t\t<div class=\"elementor-element elementor-element-6341708 elementor-widget elementor-widget-heading\" data-id=\"6341708\" data-element_type=\"widget\" data-widget_type=\"heading.default\">\n\t\t\t\t<div class=\"elementor-widget-container\">\n\t\t\t<h2 class=\"elementor-heading-title elementor-size-default\">Our Principles<\/h2>\t\t<\/div>\n\t\t\t\t<\/div>\n\t\t\t\t<div class=\"elementor-element elementor-element-992a6ed elementor-widget elementor-widget-spacer\" data-id=\"992a6ed\" data-element_type=\"widget\" data-widget_type=\"spacer.default\">\n\t\t\t\t<div class=\"elementor-widget-container\">\n\t\t\t\t\t<div class=\"elementor-spacer\">\n\t\t\t<div class=\"elementor-spacer-inner\"><\/div>\n\t\t<\/div>\n\t\t\t\t<\/div>\n\t\t\t\t<\/div>\n\t\t\t\t<div class=\"elementor-element elementor-element-c60eab4 elementor-widget elementor-widget-text-editor\" data-id=\"c60eab4\" data-element_type=\"widget\" data-widget_type=\"text-editor.default\">\n\t\t\t\t<div class=\"elementor-widget-container\">\n\t\t\t\t\t\t\t<p style=\"text-align: center;\"><strong>High Standard Production<\/strong><\/p>\n<p style=\"text-align: center;\"><strong>Innovative Assortment<\/strong><\/p>\n<p style=\"text-align: center;\"><strong>Project-Specific Production Flexibility<\/strong><\/p>\n<p style=\"text-align: center;\"><strong>Fast Termin and Timely Delivery<\/strong><\/p>\n<p style=\"text-align: center;\"><strong>Widespread Dealer Network and Ease of Access<\/strong><\/p>\n<p style=\"text-align: center;\"><strong>High Added Value to the Country&#8217;s Economy<\/strong><\/p>\n<p style=\"text-align: center;\"><strong>Quality Management System and Optimization<\/strong><\/p>\n<p style=\"text-align: center;\"><strong>Expert Staff in the Field<\/strong><\/p>\n<p style=\"text-align: center;\"><strong>Domestic Production and R&amp;D<\/strong><\/p>\n<p style=\"text-align: center;\"><strong>Sustainable Zero Waste Policy<\/strong><\/p>\n<p style=\"text-align: center;\"><strong>Right Price and Scaling<\/strong><\/p>\n<p style=\"text-align: center;\"><strong>High Environmental Sensitivity<\/strong><\/p>\n<p style=\"text-align: center;\"><strong>Accessible Responsible Brand<\/strong><\/p>\n<p style=\"text-align: center;\"><strong>Happy Customers<\/strong><\/p>\n\t\t\t\t\t\t<\/div>\n\t\t\t\t<\/div>\n\t\t\t\t<div class=\"elementor-element elementor-element-ef39f2e elementor-widget elementor-widget-spacer\" data-id=\"ef39f2e\" data-element_type=\"widget\" data-widget_type=\"spacer.default\">\n\t\t\t\t<div class=\"elementor-widget-container\">\n\t\t\t\t\t<div class=\"elementor-spacer\">\n\t\t\t<div class=\"elementor-spacer-inner\"><\/div>\n\t\t<\/div>\n\t\t\t\t<\/div>\n\t\t\t\t<\/div>\n\t\t\t\t<div class=\"elementor-element elementor-element-6fd80c9 elementor-widget elementor-widget-heading\" data-id=\"6fd80c9\" data-element_type=\"widget\" data-widget_type=\"heading.default\">\n\t\t\t\t<div class=\"elementor-widget-container\">\n\t\t\t<h2 class=\"elementor-heading-title elementor-size-default\">About Us<\/h2>\t\t<\/div>\n\t\t\t\t<\/div>\n\t\t\t\t<div class=\"elementor-element elementor-element-91c2e3c elementor-widget elementor-widget-spacer\" data-id=\"91c2e3c\" data-element_type=\"widget\" data-widget_type=\"spacer.default\">\n\t\t\t\t<div class=\"elementor-widget-container\">\n\t\t\t\t\t<div class=\"elementor-spacer\">\n\t\t\t<div class=\"elementor-spacer-inner\"><\/div>\n\t\t<\/div>\n\t\t\t\t<\/div>\n\t\t\t\t<\/div>\n\t\t\t\t<div class=\"elementor-element elementor-element-d12e9c6 elementor-widget elementor-widget-text-editor\" data-id=\"d12e9c6\" data-element_type=\"widget\" data-widget_type=\"text-editor.default\">\n\t\t\t\t<div class=\"elementor-widget-container\">\n\t\t\t\t\t\t\t<p>Persan Group Tente Pergola San ve Tic Ltd \u015eti, a company of \u00d6z Branda Tekstil with over 25 years of commercial experience and over 10 years of corporate experience, is a company that has adopted the principle of quality and fast delivery, directing the aluminum, awning, tarpaulin and pergola sector.<\/p>\n<p>Persan Group produces tens of products with its sub-details, 8 different main products in total, in its own facility with 100% own molds.<\/p>\n<p>Thanks to its wide dealer network in the entire Turkish market and ISO quality certificate, as well as the EU countries roaming conformity certificate (CE), it will always continue to support the country&#8217;s economy with value added production and employment, thanks to its exports to many countries of the world.<\/p>\n<p>Persan Group is happy to show its activities as a leading company in its sector, with the right price policy, dealer protection policy, innovative and useful product policy, without compromising on quality.<\/p>\n<p>PERSAN GROUP TENTE PERGOLA SAN. VE T\u0130C. LTD. \u015eT\u0130.<\/p>\n\t\t\t\t\t\t<\/div>\n\t\t\t\t<\/div>\n\t\t\t\t\t<\/div>\n\t\t<\/div>\n\t\t\t\t\t<\/div>\n\t\t<\/section>\n\t\t\t\t<\/div>\n\t\t","protected":false},"excerpt":{"rendered":"<p>Our Mission To offer quality, comfort and aesthetics together with our indoor and outdoor shading systems. Making your living spaces more enjoyable thanks to its high durability and long service life. Our Vision To shape the industry standards thanks to our production power, innovative products and global<\/p>\n","protected":false},"author":1,"featured_media":0,"parent":0,"menu_order":0,"comment_status":"closed","ping_status":"closed","template":"","meta":{"_themeisle_gutenberg_block_has_review":false,"footnotes":""},"class_list":["post-4223","page","type-page","status-publish","hentry"],"aioseo_notices":[],"_links":{"self":[{"href":"https:\/\/persangroup.com.tr\/en\/wp-json\/wp\/v2\/pages\/4223","targetHints":{"allow":["GET"]}}],"collection":[{"href":"https:\/\/persangroup.com.tr\/en\/wp-json\/wp\/v2\/pages"}],"about":[{"href":"https:\/\/persangroup.com.tr\/en\/wp-json\/wp\/v2\/types\/page"}],"author":[{"embeddable":true,"href":"https:\/\/persangroup.com.tr\/en\/wp-json\/wp\/v2\/users\/1"}],"replies":[{"embeddable":true,"href":"https:\/\/persangroup.com.tr\/en\/wp-json\/wp\/v2\/comments?post=4223"}],"version-history":[{"count":1,"href":"https:\/\/persangroup.com.tr\/en\/wp-json\/wp\/v2\/pages\/4223\/revisions"}],"predecessor-version":[{"id":4224,"href":"https:\/\/persangroup.com.tr\/en\/wp-json\/wp\/v2\/pages\/4223\/revisions\/4224"}],"wp:attachment":[{"href":"https:\/\/persangroup.com.tr\/en\/wp-json\/wp\/v2\/media?parent=4223"}],"curies":[{"name":"wp","href":"https:\/\/api.w.org\/{rel}","templated":true}]}}